{"id":19,"date":"2015-02-10T10:31:22","date_gmt":"2015-02-10T10:31:22","guid":{"rendered":"http:\/\/plantagbiosciences.org\/thaize-b\/?page_id=19"},"modified":"2015-02-10T10:31:22","modified_gmt":"2015-02-10T10:31:22","slug":"references","status":"publish","type":"page","link":"https:\/\/www.plantagbiosciences.org\/people\/thaize-b\/references\/","title":{"rendered":"References"},"content":{"rendered":"<p>Gourdji, S. M., Sibley, A. M., &amp; Lobell, D. B. (2013). Global crop exposure to critical high temperatures in the reproductive period: historical trends and future projections. <em>Environmental Research Letters<\/em>, <em>8<\/em>(2), 024041.<\/p>\n<p>Lobell, D. B., &amp; Gourdji, S. M. (2012). The influence of climate change on global crop productivity. <em>Plant Physiology<\/em>, <em>160<\/em>(4), 1686-1697.<\/p>\n<p>Meinke, H., &amp; Stone, R. C. (2005). Seasonal and inter-annual climate forecasting: the new tool for increasing preparedness to climate variability and change in agricultural planning and operations. <em>Climatic change<\/em>, <em>70<\/em>(1-2), 221-253.<\/p>\n<p>Vermeulen, S. J., Aggarwal, P. K., Ainslie, A., Angelone, C., Campbell, B. M., Challinor, A. J., &#8230; &amp; Wollenberg, E. (2012). Options for support to agriculture and food security under climate change. <em>Environmental Science &amp; Policy<\/em>, <em>15<\/em>(1), 136-144.<\/p>\n<p>Alaka, G. (2013). &#8220;Easterly Waves.&#8221;\u00a0\u00a0 Retrieved 16\/16\/2015, 2015, from <a href=\"http:\/\/maloney.atmos.colostate.edu\/galaka\/\">http:\/\/maloney.atmos.colostate.edu\/galaka\/<\/a>.<\/p>\n<p>Ashok, K., Z. Guan, et al. (2001). &#8220;Impact of the Indian Ocean dipole on the relationship between the Indian monsoon rainfall and ENSO.&#8221; <u>Geophysical Research Letters<\/u> <strong>28<\/strong>(23): 4499-4502.<\/p>\n<p>Barnett, T. and R. Preisendorfer (1987). &#8220;Origins and levels of monthly and seasonal forecast skill for United States surface air temperatures determined by canonical correlation analysis.&#8221; <u>Monthly Weather Review<\/u> <strong>115<\/strong>(9): 1825-1850.<\/p>\n<p>Black, E. (2005). &#8220;The relationship between Indian Ocean sea\u2013surface temperature and East African rainfall.&#8221; <u>Philosophical Transactions of the Royal Society of London A: Mathematical, Physical and Engineering Sciences<\/u> <strong>363<\/strong>(1826): 43-47.<\/p>\n<p>Black, E., J. Slingo, et al. (2003). &#8220;An observational study of the relationship between excessively strong short rains in coastal East Africa and Indian Ocean SST.&#8221; <u>Monthly Weather Review<\/u> <strong>131<\/strong>(1): 74-94.<\/p>\n<p>Blanco, J. F. (2009). &#8220;THE HYDROCLIMATOLOGY OF GORGONA ISLAND: SEASONAL AND ENSO-RELATED PATTERNSA.&#8221; <u>Actualidades Biol\u00f3gicas<\/u> <strong>31<\/strong>(91): 111-121.<\/p>\n<p>Cavalcanti, I. F. (2009). <u>Tempo e clima no Brasil<\/u>, Oficina de textos.<\/p>\n<p>Citeau, J., J.-C. Berg\u00e8s, et al. (1988). &#8220;The watch of ITCZ migrations over the tropical Atlantic Ocean as an indicator in drought forecast over the Sahelian area.&#8221; <u>Tropical Ocean-Atmosphere Newsletter<\/u>(45): 1-3.<\/p>\n<p>Cobb, K. M., C. D. Charles, et al. (2003). &#8220;El Nino\/Southern Oscillation and tropical Pacific climate during the last millennium.&#8221; <u>Nature<\/u> <strong>424<\/strong>(6946): 271-276.<\/p>\n<p>C\u00f3rdoba, G. d. (2012). &#8220;Geograf\u00eda de C\u00f3rdoba.&#8221;\u00a0\u00a0 Retrieved 05\/06\/15, 2015, from <a href=\"http:\/\/www.cordoba.gov.co\/cordoba\/geografia.html\">http:\/\/www.cordoba.gov.co\/cordoba\/geografia.html<\/a>.<\/p>\n<p>Corredor Llano, X. &#8220;Jaziku-Statistical Inference Software for the Teleconnections Analysis.&#8221;<\/p>\n<p>Cuartas, A. and G. Poveda (2002). &#8220;BALANCE ATMOSF\u00c9RICO DE HUMEDAD Y ESTIMACI\u00d3N DE LA PRECIPITACI\u00d3N RECICLADA EN COLOMBIA SEG\u00daN EL REAN\u00c1LIS NCEP\/NCAR.&#8221;<\/p>\n<p>Data, C. &#8220;Regional Workshop on Climate Monitoring and Analysis of Climate Variability: Implementation of Climate Watch System in RA II with focus on Monsoon affected areas.&#8221;<\/p>\n<p>Diaz, A. F., C. D. Studzinski, et al. (1998). &#8220;Relationships between precipitation anomalies in Uruguay and southern Brazil and sea surface temperature in the Pacific and Atlantic Oceans.&#8221; <u>Journal of Climate<\/u> <strong>11<\/strong>(2): 251-271.<\/p>\n<p>Evans, D. A. L. D. J.-L. (2011). African Easterly Waves (AEW). <u>Introduction to Tropical Meteorology<\/u>.<\/p>\n<p>Frederick K. Lutgens, E. J. T. (2000). <u>The Atmosphere: An Introduction to Meteorology (8th Edition)<\/u>, Prentice Hall; 8th edition (July 24, 2000).<\/p>\n<p>Alaka, G. (2013). &#8220;Easterly Waves.&#8221;\u00a0\u00a0 Retrieved 16\/16\/2015, 2015, from <a href=\"http:\/\/maloney.atmos.colostate.edu\/galaka\/\">http:\/\/maloney.atmos.colostate.edu\/galaka\/<\/a>.<\/p>\n<p>Ashok, K., Z. Guan, et al. (2001). &#8220;Impact of the Indian Ocean dipole on the relationship between the Indian monsoon rainfall and ENSO.&#8221; <u>Geophysical Research Letters<\/u> <strong>28<\/strong>(23): 4499-4502.<\/p>\n<p>Barnett, T. and R. Preisendorfer (1987). &#8220;Origins and levels of monthly and seasonal forecast skill for United States surface air temperatures determined by canonical correlation analysis.&#8221; <u>Monthly Weather Review<\/u> <strong>115<\/strong>(9): 1825-1850.<\/p>\n<p>Black, E. (2005). &#8220;The relationship between Indian Ocean sea\u2013surface temperature and East African rainfall.&#8221; <u>Philosophical Transactions of the Royal Society of London A: Mathematical, Physical and Engineering Sciences<\/u> <strong>363<\/strong>(1826): 43-47.<\/p>\n<p>Black, E., J. Slingo, et al. (2003). &#8220;An observational study of the relationship between excessively strong short rains in coastal East Africa and Indian Ocean SST.&#8221; <u>Monthly Weather Review<\/u> <strong>131<\/strong>(1): 74-94.<\/p>\n<p>Blanco, J. F. (2009). &#8220;THE HYDROCLIMATOLOGY OF GORGONA ISLAND: SEASONAL AND ENSO-RELATED PATTERNSA.&#8221; <u>Actualidades Biol\u00f3gicas<\/u> <strong>31<\/strong>(91): 111-121.<\/p>\n<p>Cavalcanti, I. F. (2009). <u>Tempo e clima no Brasil<\/u>, Oficina de textos.<\/p>\n<p>Citeau, J., J.-C. Berg\u00e8s, et al. (1988). &#8220;The watch of ITCZ migrations over the tropical Atlantic Ocean as an indicator in drought forecast over the Sahelian area.&#8221; <u>Tropical Ocean-Atmosphere Newsletter<\/u>(45): 1-3.<\/p>\n<p>Cobb, K. M., C. D. Charles, et al. (2003). &#8220;El Nino\/Southern Oscillation and tropical Pacific climate during the last millennium.&#8221; <u>Nature<\/u> <strong>424<\/strong>(6946): 271-276.<\/p>\n<p>C\u00f3rdoba, G. d. (2012). &#8220;Geograf\u00eda de C\u00f3rdoba.&#8221;\u00a0\u00a0 Retrieved 05\/06\/15, 2015, from <a href=\"http:\/\/www.cordoba.gov.co\/cordoba\/geografia.html\">http:\/\/www.cordoba.gov.co\/cordoba\/geografia.html<\/a>.<\/p>\n<p>Corredor Llano, X. &#8220;Jaziku-Statistical Inference Software for the Teleconnections Analysis.&#8221;<\/p>\n<p>Cuartas, A. and G. Poveda (2002). &#8220;BALANCE ATMOSF\u00c9RICO DE HUMEDAD Y ESTIMACI\u00d3N DE LA PRECIPITACI\u00d3N RECICLADA EN COLOMBIA SEG\u00daN EL REAN\u00c1LIS NCEP\/NCAR.&#8221;<\/p>\n<p>Data, C. &#8220;Regional Workshop on Climate Monitoring and Analysis of Climate Variability: Implementation of Climate Watch System in RA II with focus on Monsoon affected areas.&#8221;<\/p>\n<p>Diaz, A. F., C. D. Studzinski, et al. (1998). &#8220;Relationships between precipitation anomalies in Uruguay and southern Brazil and sea surface temperature in the Pacific and Atlantic Oceans.&#8221; <u>Journal of Climate<\/u> <strong>11<\/strong>(2): 251-271.<\/p>\n<p>Evans, D. A. L. D. J.-L. (2011). African Easterly Waves (AEW). <u>Introduction to Tropical Meteorology<\/u>.<\/p>\n<p>Frederick K. Lutgens, E. J. T. (2000). <u>The Atmosphere: An Introduction to Meteorology (8th Edition)<\/u>, Prentice Hall; 8th edition (July 24, 2000).<\/p>\n<p>Ghil, M., M. Allen, et al. (2002). &#8220;Advanced spectral methods for climatic time series.&#8221; <u>Reviews of geophysics<\/u> <strong>40<\/strong>(1): 3-1-3-41.<\/p>\n<p>Goncalves, J. P. (2013). <u>Weather Stuff<\/u>. <strong>2015<\/strong>.<\/p>\n<p>Guzman D; Ruiz, J. F. (2014) &#8220;Regionalizacion de Colombia segun la estacionalidad de la precipitacion media mensual a traves del analises de componentes principales (ACP).&#8221;<\/p>\n<p>Halldin, M. (2006, 21\/02\/2014). &#8220;Intertropical Convergence Zone.&#8221;\u00a0\u00a0 Retrieved 16\/06\/2015, 2015, from https:\/\/pt.wikipedia.org\/wiki\/Zona_de_converg%C3%AAncia_intertropical.<\/p>\n<p>Heffernan, O. (2014, 26\/02\/2014). &#8220;The El Ni\u00f1o\u2013Southern Oscillation (ENSO) affects climatic conditions in the tropical Pacific, where it originates, and also influences global climate.&#8221;\u00a0\u00a0 Retrieved 18\/06\/2015, 2015, from <a href=\"http:\/\/www.nature.com\/nclimate\/journal\/v4\/n3\/fig_tab\/nclimate2149_F1.html\">http:\/\/www.nature.com\/nclimate\/journal\/v4\/n3\/fig_tab\/nclimate2149_F1.html<\/a>.<\/p>\n<p>Houze, R. A. (2004). &#8220;Mesoscale convective systems.&#8221; <u>Reviews of Geophysics<\/u> <strong>42<\/strong>(4).<\/p>\n<p>Hurrell, J. W., Y. Kushnir, et al. (2001). &#8220;The north Atlantic oscillation.&#8221; <u>Science<\/u> <strong>291<\/strong>(5504): 603-605.<\/p>\n<p>Hurrell, J. W. and H. Van Loon (1997). Decadal variations in climate associated with the North Atlantic Oscillation. <u>Climatic Change at High Elevation Sites<\/u>, Springer<strong>: <\/strong>69-94.<\/p>\n<p>IDEAM (2005). &#8220;Atlas climatologico de Colombia. Bogota D.C.&#8221;.<\/p>\n<p>IDEAM (2007). &#8220;Circulaci\u00f3n General De La Atm\u00f3sfera En Colombia.&#8221; 10.<\/p>\n<p>IDEAM (2011). Distribuicion Espacio-Temporal de la Precipitacion en Colombia, IDEAM.<\/p>\n<p>Intituto Colombiano de Hidrologia, M. y. E. A. I. (2014). Jaziku. El software de inferencia estadistica para el analisis de teleconexiones (Manual de usuario). S. d. Meteorologia. Bogota, IDEAM<strong>: <\/strong>103.<\/p>\n<p>IRI, I. R. I. f. C. a. S.-. (2015). &#8220;Climate Predictability Tool.&#8221;\u00a0\u00a0 Retrieved 25\/06\/2015, 2015, from <a href=\"http:\/\/iri.columbia.edu\/our-expertise\/climate\/tools\/cpt\/\">http:\/\/iri.columbia.edu\/our-expertise\/climate\/tools\/cpt\/<\/a>.<\/p>\n<p>JAMSTEC. (2012, 2012). &#8220;Indian Ocean Dipole.&#8221;\u00a0\u00a0 Retrieved 07\/07\/2015, 2015, from <a href=\"http:\/\/www.jamstec.go.jp\/frsgc\/research\/d1\/iod\/e\/iod\/about_iod.html\">www.jamstec.go.jp\/frsgc\/research\/d1\/iod\/e\/iod\/about_iod.html<\/a>.<\/p>\n<p>Jianping Li; Cheng Sun 1, F.-F. J. (2013, 2013). &#8220;New paper finds natural North Atlantic Oscillation controls Northern Hemisphere temperatures 15-20 years in advance.&#8221;\u00a0\u00a0 Retrieved 17\/06\/2015, 2015, from <a href=\"http:\/\/www.hockeyschtick.blogspot.com\/2013\/10\/new-paper-finds-natural-ocean.html\">www.hockeyschtick.blogspot.com\/2013\/10\/new-paper-finds-natural-ocean.html<\/a>.<\/p>\n<p>Jones, D. M. P. S. (2009, 05\/07\/2009). &#8220;Air Masses and Frontal Transitional Zones.&#8221;\u00a0\u00a0 Retrieved 16\/06\/2015, 2015, from <a href=\"http:\/\/www.physicalgeography.net\/fundamentals\/7r.html\">http:\/\/www.physicalgeography.net\/fundamentals\/7r.html<\/a>.<\/p>\n<p>Laboratory, P. N. N. (2011, May 2015). &#8220;Atmospheric Sciences and Global Changes Division Research Highlights.&#8221; <u>Fundamental and Computational Sciences<\/u>\u00a0 Retrieved 17\/06\/2015, 2015, from <a href=\"http:\/\/www.pnnl.gov\/science\/highlights\/highlight.asp?id=1032\">http:\/\/www.pnnl.gov\/science\/highlights\/highlight.asp?id=1032<\/a>.<\/p>\n<p>Lau, K. M. and P. Sheu (1988). &#8220;Annual cycle, quasi\u2010biennial oscillation, and southern oscillation in global precipitation.&#8221; <u>Journal of Geophysical Research: Atmospheres (1984\u20132012)<\/u> <strong>93<\/strong>(D9): 10975-10988.<\/p>\n<p>Lee, S. Y., J. C. Chiang, et al. (2011). &#8220;Southern Ocean wind response to North Atlantic cooling and the rise in atmospheric CO2: Modeling perspective and paleoceanographic implications.&#8221; <u>Paleoceanography<\/u> <strong>26<\/strong>(1).<\/p>\n<p>Le\u00f3n, G., J. Zea, et al. (2000). &#8220;Circulaci\u00f3n general del tr\u00f3pico y la zona de confluencia intertropical en Colombia.&#8221; <u>Meteorolog\u00eda Colombiana<\/u> <strong>1<\/strong>: 31-38.<\/p>\n<p>Liu, Y., X. San Liang, et al. (2007). &#8220;Rectification of the bias in the wavelet power spectrum.&#8221; <u>Journal of Atmospheric and Oceanic Technology<\/u> <strong>24<\/strong>(12): 2093-2102.<\/p>\n<p>Lorenzo, M., I. Iglesias, et al. (2010). &#8220;Relationship between monthly rainfall in northwest Iberian Peninsula and North Atlantic sea surface temperature.&#8221; <u>International Journal of Climatology<\/u> <strong>30<\/strong>(7): 980-990.<\/p>\n<p>M, C. (2006). &#8220;Tropical Cyclone, Australian Natural Hazard Task Force &#8211; Information Kit.&#8221;\u00a0\u00a0 Retrieved 17\/06\/2015, 2015, from <a href=\"http:\/\/www.c9geonaturalhazards.wikispaces.com\/Caitlin.m\">www.c9geonaturalhazards.wikispaces.com\/Caitlin.m<\/a>.<\/p>\n<p>Mantua, N. J. and S. R. Hare (2002). &#8220;The Pacific decadal oscillation.&#8221; <u>Journal of Oceanography<\/u> <strong>58<\/strong>(1): 35-44.<\/p>\n<p>Mason, O. N. a. S. J. (2013, 2013). &#8220;Climate Prediction Tool tutorial.&#8221;\u00a0\u00a0 Retrieved 10\/07\/2015, 2015, from <a href=\"http:\/\/iri.columbia.edu\/wp-content\/uploads\/2013\/07\/CPT_Tutorial.pdf\">http:\/\/iri.columbia.edu\/wp-content\/uploads\/2013\/07\/CPT_Tutorial.pdf<\/a>.<\/p>\n<p>Mitchell, J. M. (1976). &#8220;An overview of climatic variability and its causal mechanisms.&#8221; <u>Quaternary Research<\/u> <strong>6<\/strong>(4): 481-493.<\/p>\n<p>Mochizuki, T., M. Ishii, et al. (2010). &#8220;Pacific decadal oscillation hindcasts relevant to near-term climate prediction.&#8221; <u>Proceedings of the National Academy of Sciences<\/u> <strong>107<\/strong>(5): 1833-1837.<\/p>\n<p>Nicholls, N. (1987). &#8220;The use of canonical correlation to study teleconnections.&#8221; <u>Monthly Weather Review<\/u> <strong>115<\/strong>(2): 393-399.<\/p>\n<p>NOAA. (2005, 12\/12\/2005). &#8220;El Nino Southern Oscillation.&#8221; <u>National Weather Service, Climate Prediction Center (NCEP)<\/u>\u00a0 Retrieved 18\/06\/2015, 2015, from <a href=\"http:\/\/www.cpc.ncep.noaa.gov\/products\/precip\/CWlink\/MJO\/enso.shtml\">www.cpc.ncep.noaa.gov\/products\/precip\/CWlink\/MJO\/enso.shtml<\/a>.<\/p>\n<p>NOAA. (2005). &#8220;Katrina.&#8221;\u00a0\u00a0 Retrieved 17\/06\/2015, 2015, from <a href=\"http:\/\/www.sos.noaa.gov\/Education\/katrina-08-28-2005.jpg\">www.sos.noaa.gov\/Education\/katrina-08-28-2005.jpg<\/a>.<\/p>\n<p>NOAA. (2011, 15\/07\/11). &#8220;Frequently Asked Questions: Hurricane.&#8221;\u00a0\u00a0 Retrieved 28\/05\/15, 2015, from <a href=\"http:\/\/www.aoml.noaa.gov\/hrd\/tcfaq\/A1.html\">http:\/\/www.aoml.noaa.gov\/hrd\/tcfaq\/A1.html<\/a>.<\/p>\n<p>Null, J. (2015, 08\/06\/2015).\u00a0\u00a0\u00a0 Retrieved 01\/07\/2015, 2015, from ggweather.com\/enso\/oni.htm.<\/p>\n<p>Penland, C. and L. Matrosova (1998). &#8220;Prediction of tropical Atlantic sea surface temperatures using linear inverse modeling.&#8221; <u>Journal of Climate<\/u> <strong>11<\/strong>(3): 483-496.<\/p>\n<p>Phillips, I. D. and G. R. Mcgregor (2002). &#8220;The relationship between monthly and seasonal South\u2010west England rainfall anomalies and concurrent North Atlantic sea surface temperatures.&#8221; <u>International Journal of Climatology<\/u> <strong>22<\/strong>(2): 197-217.<\/p>\n<p>Phillips, I. D. and J. Thorpe (2006). &#8220;Icelandic precipitation\u2014North Atlantic sea\u2010surface temperature associations.&#8221; <u>International Journal of Climatology<\/u> <strong>26<\/strong>(9): 1201-1221.<\/p>\n<p>Porfirio da Rocha, R. (2013). &#8220;Relationship between monthly rainfall in NW peru and tropical sea surface temperature.&#8221; <u>Advances in Meteorology<\/u> <strong>2013<\/strong>.<\/p>\n<p>Poveda, G. (2004). &#8220;La hidroclimatolog\u00eda de Colombia: una s\u00edntesis desde la escala inter-decadal hasta la escala diurna.&#8221; <u>Rev. Acad. Colomb. Cienc<\/u> <strong>28<\/strong>(107): 201-222.<\/p>\n<p>Poveda, G., D. M. \u00c1lvarez, et al. (2011). &#8220;Hydro-climatic variability over the Andes of Colombia associated with ENSO: a review of climatic processes and their impact on one of the Earth\u2019s most important biodiversity hotspots.&#8221; <u>Climate Dynamics<\/u> <strong>36<\/strong>(11-12): 2233-2249.<\/p>\n<p>Poveda, G. and O. J. Mesa (2000). &#8220;On the existence of Llor\u00f3 (the rainiest locality on Earth): Enhanced ocean\u2010land\u2010atmosphere interaction by a low\u2010level jet.&#8221; <u>Geophysical Research Letters<\/u> <strong>27<\/strong>(11): 1675-1678.<\/p>\n<p>Poveda, G., W. Rojas, et al. (2001). &#8220;Coupling between annual and ENSO timescales in the malaria-climate association in Colombia.&#8221; <u>Environmental health perspectives<\/u> <strong>109<\/strong>(5): 489.<\/p>\n<p>Recalde-Coronel, G. C., A. G. Barnston, et al. (2014). &#8220;Predictability of December\u2013April Rainfall in Coastal and Andean Ecuador.&#8221; <u>Journal of Applied Meteorology and Climatology<\/u> <strong>53<\/strong>(6): 1471-1493.<\/p>\n<p>Ropelewsky, C. and M. Halpert (1989). &#8220;Precipitation patterns associated with the high index phase of the Southern Oscillation.&#8221; <u>J. Climate<\/u> <strong>2<\/strong>: 268-284.<\/p>\n<p>Smithers, J. and B. Smit (1997). &#8220;Human adaptation to climatic variability and change.&#8221; <u>Global Environmental Change<\/u> <strong>7<\/strong>(2): 129-146.<\/p>\n<p>Taschetto, A. S. and T. Ambrizzi (2012). &#8220;Can Indian Ocean SST anomalies influence South American rainfall?&#8221; <u>Climate Dynamics<\/u> <strong>38<\/strong>(7-8): 1615-1628.<\/p>\n<p>Torrence, C. and G. Compo (1998). A practical guide to wavelet analysis. bulletin of the American Meteorological Society 79: 61\u201378. doi: 10.1175\/1520-0477 (1998) 079\\ 0061: APGTWA [2.0, CO.<\/p>\n<p>Trenberth, K. E. (1997). &#8220;The definition of el nino.&#8221; <u>Bulletin of the American Meteorological Society<\/u> <strong>78<\/strong>(12): 2771-2777.<\/p>\n<p>UVO, C. B. (1989). A Zona de Converg\u00eancia Intertropical (ZCIT) e sua relacao com a precipitacao\u00a0 na Regiao Norte do Nordeste Brasileiro. <u>Ciencias Atmosfericas<\/u>. Sao Jose dos Campos, INPE. <strong>masters<\/strong>.<\/p>\n<p>Vuille, M., S. Burns, et al. (2012). &#8220;A review of the South American monsoon history as recorded in stable isotopic proxies over the past two millennia.&#8221; <u>Climate of the Past<\/u> <strong>8<\/strong>(4): 1309-1321.<\/p>\n<p>Watts, A. (2011). Yet Even More Discussions About The Pacific Decadal Oscillation. <u>Watts Up With That?<\/u> <strong>2015<\/strong>.<\/p>\n<p>Wikipedia. (2015, 11\/06\/2015). &#8220;Cordoba (Colombia).&#8221;\u00a0\u00a0 Retrieved 18\/06\/2015, 2015, from <a href=\"http:\/\/www.es.wikipedia.org\/wiki\/|Cordoba_%28Colombia%29\">www.es.wikipedia.org\/wiki\/|Cordoba_%28Colombia%29<\/a>.<\/p>\n<p>Zhang, C. (2005). &#8220;Madden\u2010julian oscillation.&#8221; <u>Reviews of Geophysics<\/u> <strong>43<\/strong>(2).<\/p>\n<p>&nbsp;<\/p>\n<p>&nbsp;<\/p>\n","protected":false},"excerpt":{"rendered":"<p>Gourdji, S. M., Sibley, A. M., &amp; Lobell, D. B. (2013). Global crop exposure to critical high temperatures in the reproductive period: historical trends and future projections. Environmental Research Letters, 8(2), 024041. Lobell, D. B., &amp; Gourdji, S. M. (2012). The influence of climate change on global crop productivity. Plant Physiology, 160(4), 1686-1697. Meinke, H., [&hellip;]<\/p>\n","protected":false},"author":60,"featured_media":0,"parent":0,"menu_order":0,"comment_status":"open","ping_status":"open","template":"","meta":{"footnotes":""},"class_list":["post-19","page","type-page","status-publish","hentry"],"_links":{"self":[{"href":"https:\/\/www.plantagbiosciences.org\/people\/thaize-b\/wp-json\/wp\/v2\/pages\/19","targetHints":{"allow":["GET"]}}],"collection":[{"href":"https:\/\/www.plantagbiosciences.org\/people\/thaize-b\/wp-json\/wp\/v2\/pages"}],"about":[{"href":"https:\/\/www.plantagbiosciences.org\/people\/thaize-b\/wp-json\/wp\/v2\/types\/page"}],"author":[{"embeddable":true,"href":"https:\/\/www.plantagbiosciences.org\/people\/thaize-b\/wp-json\/wp\/v2\/users\/60"}],"replies":[{"embeddable":true,"href":"https:\/\/www.plantagbiosciences.org\/people\/thaize-b\/wp-json\/wp\/v2\/comments?post=19"}],"version-history":[{"count":0,"href":"https:\/\/www.plantagbiosciences.org\/people\/thaize-b\/wp-json\/wp\/v2\/pages\/19\/revisions"}],"wp:attachment":[{"href":"https:\/\/www.plantagbiosciences.org\/people\/thaize-b\/wp-json\/wp\/v2\/media?parent=19"}],"curies":[{"name":"wp","href":"https:\/\/api.w.org\/{rel}","templated":true}]}}