{"id":19,"date":"2019-03-13T09:48:28","date_gmt":"2019-03-13T09:48:28","guid":{"rendered":"http:\/\/www.plantagbiosciences.org\/people\/sarah-watts\/?page_id=19"},"modified":"2019-07-04T20:21:56","modified_gmt":"2019-07-04T20:21:56","slug":"bibliography","status":"publish","type":"page","link":"https:\/\/www.plantagbiosciences.org\/people\/sarah-watts\/bibliography\/","title":{"rendered":"Bibliography"},"content":{"rendered":"\n<p>AKRAM, H.-V.,\nDIEGO, A., DANIEL, A. A. &amp; SANDRA, C. 2017. An\u00e1lisis espacial de la anemia gestacional en\nel Per\u00fa, 2015. <em>Revista Peruana de\nMedicina Experimental y Salud P\u00fablica,<\/em> 34<strong>,<\/strong> 43-51.<\/p>\n\n\n\n<p>ALC\u00c1ZAR, L., OCAMPO, D.,\nHUAM\u00c1N-ESPINO, L. &amp; PABLO APARCO, J. 2013. Economic impact of chronic,\nacute and global malnutrition in Peru<\/p>\n\n\n\n<p>Impacto econ\u00f3mico de la desnutrici\u00f3n cr\u00f3nica,\naguda y global en el Per\u00fa. <em>Revista\nPeruana de Medicina Experimental y Salud Publica,<\/em> 30<strong>,<\/strong> 569-574.<\/p>\n\n\n\n<p>ALDERMAN, H. 2016. <em>Leveraging social protection programs for improved nutrition: summary\nof evidence prepared for the Global Forum on Nutrition-Sensitive Social\nProtection Programs, 2015<\/em>, World Bank.<\/p>\n\n\n\n<p>ALDERMAN, H.\n&amp; BUNDY, D. 2011. School feeding programs and development: are we framing\nthe question correctly? <em>The World Bank\nResearch Observer,<\/em> 27<strong>,<\/strong> 204-221.<\/p>\n\n\n\n<p>ALTIERI, M. A.,\nNICHOLLS, C. I., HENAO, A. &amp; LANA, M. A. 2015. Agroecology and the design\nof climate change-resilient farming systems. <em>Agronomy for sustainable development,<\/em> 35<strong>,<\/strong> 869-890.<\/p>\n\n\n\n<p>AMBIKAPATHI, R.,\nROTHSTEIN, J. D., YORI, P. P., OLORTEGUI, M. P., LEE, G., KOSEK, M. N. &amp;\nCAULFIELD, L. E. 2018. Food purchase patterns indicative of household food\naccess insecurity, children\u2019s dietary diversity and intake, and nutritional\nstatus using a newly developed and validated tool in the Peruvian Amazon. <em>Food security,<\/em> 10<strong>,<\/strong> 999-1011.<\/p>\n\n\n\n<p>ANTONIO GABRIEL,\nL. R., EMILIE, C., MARIE-GABRIELLE, P., NATHALIE, C., TATIANA, S., MARC, P.,\nWILLIAM, A. &amp; CHRISTOPHE LE, P. 2019. Agrobiodiversity and Public Food\nProcurement Programs in Brazil: Influence of Local Stakeholders in Configuring\nGreen Mediated Markets. <em>Sustainability,<\/em>\n11<strong>,<\/strong> 1425.<\/p>\n\n\n\n<p>ARIMOND, M. &amp;\nRUEL, M. T. 2004. Dietary diversity is associated with child nutritional\nstatus: evidence from 11 demographic and health surveys. <em>The Journal of nutrition,<\/em> 134<strong>,<\/strong>\n2579-2585.<\/p>\n\n\n\n<p>BAILEY, A. 2016.\nMainstreaming agrobiodiversity in sustainable food systems: Scientific\nfoundations for an agrobiodiversity index-Summary. Bioversity International.<\/p>\n\n\n\n<p>BELTRAME, D. M.\nD. O., OLIVEIRA, C. N. S., BORELLI, T., SANTIAGO, R. A. C., MONEGO, E. S.,\nROSSO, V. V., CORADIN, L. &amp; HUNTER, D. 2016. Diversifying institutional\nfood procurement\u2013opportunities and barriers for integrating biodiversity for\nfood and nutrition in Brazil.<\/p>\n\n\n\n<p>BUNDY, D. A. P., DE\nSILVA, N., HORTON, S., PATTON, G. C., SCHULTZ, L. &amp; JAMISON, D. T. 2017.\nChild and Adolescent Health and Development: Realizing Neglected Potential. <em>Child and Adolescent Health and Development.\n3rd edition.<\/em> The International Bank for Reconstruction and Development\/The\nWorld Bank.<\/p>\n\n\n\n<p>BUNDY, D. A. P.,\nDRAKE, L. J. &amp; BURBANO, C. 2013. School food, politics and child health. <em>Public health nutrition,<\/em> 16<strong>,<\/strong> 1012-1019.<\/p>\n\n\n\n<p>CANIELLO, M.,\nSCHNEIDER, S., PAULI, R. &amp; HUNTER, D. 2016. Revaluing institutional food\nprocurement. <em>Revista Ra\u00edzes,<\/em> 36.<\/p>\n\n\n\n<p>CARRANZA PINEDO,\nN. 2016. Beyond the Scandal. PNAE\nQali Warma Monitors in Lambayeque and Junin ; M\u00e1s all\u00e1 del esc\u00e1ndalo. Monitores\ndel PNAE Qali Warma en Lambayeque y Jun\u00edn. <em>Revista\nde Ciencia Pol\u00edtica y Gobierno<\/em>.<\/p>\n\n\n\n<p>CHENGYI, T.,\nJOEL, C. &amp; SAMIR, S. 2016. A Data Driven Network Approach to Rank Countries\nProduction Diversity and Food Specialization. <em>PLoS ONE,<\/em> 11<strong>,<\/strong> e0165941.<\/p>\n\n\n\n<p>CIRILLO, C., DA COSTA NOGUEIRA, L. M. &amp;\nSOARES, F. V. 2016. Brazil\u2013Africa knowledge-sharing. <em>The International Policy Centre<\/em>.<\/p>\n\n\n\n<p>DEVEREUX, S.\n2016. Social protection for enhanced food security in sub-Saharan Africa. <em>Food Policy,<\/em>\n60<strong>,<\/strong> 52-62.<\/p>\n\n\n\n<p>FARF\u00c1N, J. V. ESTUDIO DE LAS COMPRAS P\u00daBLICAS A\nLOS PEQUE\u00d1OS PRODUCTORES DEL SECTOR AGROPECUARIO DEL PER\u00da. <em>LAS COMPRAS P\u00daBLICAS\u00bf Alternativa de mercado para la agricultura\nfamiliar campesina?<\/em><strong>,<\/strong> 127.<\/p>\n\n\n\n<p>FARF\u00c1N , J. V. 2014. ESTUDIO DE LAS COMPRAS\nP\u00daBLICAS A LOS PEQUE\u00d1OS PRODUCTORES DEL SECTOR AGROPECUARIO DEL PER\u00da. <em>LAS COMPRAS P\u00daBLICAS \u00bfAlternativa de mercado\npara la agricultura familiar campesina?<\/em><strong>,<\/strong>\n127.<\/p>\n\n\n\n<p>GELLI, A.,\nHAWKES, C., DONOVAN, J., HARRIS, J., ALLEN, S. L., DE BRAUW, A., HENSON, S.,\nJOHNSON, N., GARRETT, J. &amp; RYCKEMBUSCH, D. 2015. Value chains and\nnutrition: a framework to support the identification, design, and evaluation of\ninterventions.<\/p>\n\n\n\n<p>GIRARDI, M. W.\n2018. Policy coherence in the implementation of the 2030 agenda for the\nsustainable development: the brazilian school feeding programme case study. <em>Revista de Direito Internacional,<\/em> 15.<\/p>\n\n\n\n<p>GLOBAL, P. 2015.\nHealthy meals in schools: policy innovations linking agriculture, food systems\nand nutrition. policy brief. Global Panel on Agriculture and Food Systems for\nNutrition London.<\/p>\n\n\n\n<p>GONZALES, E., HUAM\u00c1N-ESPINO, L., GUTI\u00c9RREZ, C.,\nAPARCO, J. P. &amp; PILLACA, J. 2015. Caracterizaci\u00f3n de la anemia en ni\u00f1os\nmenores de cinco a\u00f1os de zonas urbanas de Huancavelica y Ucayali en el Per\u00fa. <em>Revista Peruana de Medicina Experimental y\nSalud P\u00fablica,<\/em> 32<strong>,<\/strong> 431-439.<\/p>\n\n\n\n<p>GRISA, C. &amp; SCHMITT, C. J. 2013. The\nFood Acquisition Programme in Brazil: contributions to biodiversity, food\nsecurity and nutrition. <em>Diversifying Food and Diets<\/em><strong>,<\/strong> 355.<\/p>\n\n\n\n<p>GUARACHI QUISPE, J. A. 2018. Auditoria De\nDesempe\u00f1o En Base A La Norma Internacional De La Intosai-Issai 3000 Sobre La\nEficiencia En La Distribucion En Los Programas De Alimentacion Complementaria\nEscolar En El Municipio De La Paz.<\/p>\n\n\n\n<p>GUIJA, C. &amp; MERCEDES, M. 2018. Impacto de\nla gesti\u00f3n del programa Qali Warma en la atenci\u00f3n con alimentaci\u00f3n escolar a\nlas instituciones educativas p\u00fablicas de Cajamarca.<\/p>\n\n\n\n<p>HAWKES, C.,\nBRAZIL, B. G., CASTRO, I. R. R. D. &amp; JAIME, P. C. 2016. How to engage\nacross sectors: lessons from agriculture and nutrition in the Brazilian School\nFeeding Program. <em>Revista de saude\npublica,<\/em> 50<strong>,<\/strong> 47.<\/p>\n\n\n\n<p>HERFORTH, A.\n&amp; AHMED, S. 2015. The food environment, its effects on dietary consumption,\nand potential for measurement within agriculture-nutrition interventions. <em>The Science, Sociology and Economics of Food\nProduction and Access to Food,<\/em> 7<strong>,<\/strong>\n505-520.<\/p>\n\n\n\n<p>HUNTER, D.,\nGIYOSE, B., POLOGALANTE, A., TARTANAC, F., BUNDY, D., MITCHELL, A., MOLEAH, T.,\nFRIEDRICH, J., ALDERMAN, A. &amp; DRAKE, L. 2017. Schools as a system to\nimprove nutrition: a new statement for school-based food and nutrition\ninterventions.<\/p>\n\n\n\n<p>HUNTER, D. E.,\nISA, E., DANIELA EMOURA DE OLIVEIRA, B., WELLAKKE LOKUGE GAMINI, E., VICTOR\nWAFULA, W., RUTH, E., TERESA, E. &amp; JESSICA, E. 2016. Enabled or disabled:\nIs the environment right for using biodiversity to improve nutrition? <em>Frontiers in Nutrition,<\/em> 3.<\/p>\n\n\n\n<p>JAIME, Q. &amp; RUBEN, F. 2017. La\naceptabilidad del programa nacional de alimentaci\u00f3n escolar Qali Warma en la\nsatisfacci\u00f3n de los beneficiarios en la escuela Manuel Scorza del distrito de\nLa Oroya.<\/p>\n\n\n\n<p>JONES, A. D.\n2017. Critical review of the emerging research evidence on agricultural\nbiodiversity, diet diversity, and nutritional status in low- and middle-income\ncountries. <em>Nutrition Reviews,<\/em> 75<strong>,<\/strong> 769-782.<\/p>\n\n\n\n<p>KHOURY, C. K.,\nBJORKMAN, A. D., DEMPEWOLF, H., RAMIREZ-VILLEGAS, J., GUARINO, L., JARVIS, A.,\nRIESEBERG, L. H. &amp; STRUIK, P. C. 2014. Increasing homogeneity in global\nfood supplies and the implications for food security. <em>Proceedings of the National Academy of Sciences of the United States of\nAmerica,<\/em> 111<strong>,<\/strong> 4001-4006.<\/p>\n\n\n\n<p>KOZICKA, M.,\nGROOT, J. &amp; GOTOR, E. 2018. The role of agrobiodiversity in strengthening\nthe resilience of small-scale farmers: biophysical and economic trends towards\n2050.<\/p>\n\n\n\n<p>LA ROSA, B. B. A. M. &amp; AGUIRRE, F. D. M. S.\nLa gesti\u00f3n de abastecimiento del Programa Nacional de Alimentaci\u00f3n Escolar Qali\nWarma y la satisfacci\u00f3n de los padres de los usuarios en el asentamiento humano\nEl Pino-La Victoria, 2017.<\/p>\n\n\n\n<p>LAVADO, P. 2019. Evaluaci\u00f3n de Impacto Programa\nNacional de Alimentaci\u00f3n Escolar Qali Warma.<\/p>\n\n\n\n<p>MOREIRA, C. Bolivia logra meta internacional de\nreducir el hambre. <em>FAO. La Paz,<\/em>\n9.<\/p>\n\n\n\n<p>NEHRING, R.,\nMIRANDA, A. &amp; HOWE, A. 2017. Making the case for Institutional Demand:\nSupporting smallholders through procurement and food assistance programmes. <em>Global Food Security,<\/em> 12<strong>,<\/strong> 96-102.<\/p>\n\n\n\n<p>NOACK, A.-L.\n&amp; POUW, N. R. M. 2015. A blind spot in food and nutrition security: where\nculture and social change shape the local food plate. <em>Agriculture and human values,<\/em> 32<strong>,<\/strong> 169-182.<\/p>\n\n\n\n<p>PADULOSI, S.,\nMAL, B., KING, O. &amp; GOTOR, E. 2015. Minor millets as a central element for\nsustainably enhanced incomes, empowerment, and nutrition in rural India. <em>Sustainability,<\/em> 7<strong>,<\/strong> 8904-8933.<\/p>\n\n\n\n<p>PAJUELO, J., MIRANDA, M. &amp; ZAMORA, R. 2015.\nPrevalencia de deficiencia de vitamina a y anemia en ni\u00f1os menores de cinco\na\u00f1os de Per\u00fa. <em>Revista Peruana de Medicina\nExperimental y Salud P\u00fablica,<\/em> 32<strong>,<\/strong>\n245-251.<\/p>\n\n\n\n<p>PARISH, A. &amp; GELLI, A. 2015. Trade-offs\nin costs, diet quality and regional diversity: An analysis of the nutritional\nvalue of school meals in Ghana. <em>African\nJournal of Food, Agriculture, Nutrition and Development,<\/em> 15<strong>,<\/strong> 10217-10240.<\/p>\n\n\n\n<p>RANERI, J. E.\n&amp; KENNEDY, G. 2017. Agricultural biodiversity for healthy diets and healthy\nfood systems. Routledge.<\/p>\n\n\n\n<p>REMANS, R.,\nFLYNN, D. F. B., DECLERCK, F., DIRU, W., FANZO, J., GAYNOR, K., LAMBRECHT, I.,\nMUDIOPE, J., MUTUO, P. K., NKHOMA, P., SIRIRI, D., SULLIVAN, C. &amp; PALM, C.\nA. 2011. Assessing nutritional diversity of cropping systems in African villages.\nng_Systems.pdf.<\/p>\n\n\n\n<p>RESQUE, L., GABRIEL, A., COUDEL, E., PIKETTY,\nM.-G., CIALDELLA, N., S\u00c1, T., PIRAUX, M., ASSIS, W. &amp; LE PAGE, C. 2019. Agrobiodiversity\nand public food procurement programs in Brazil: Influence of local stakeholders\nin configuring green mediated markets. <em>Sustainability,<\/em>\n11<strong>,<\/strong> 1425.<\/p>\n\n\n\n<p>ROCHE, M. L.,\nCREED-KANASHIRO, H. M., TUESTA, I. &amp; KUHNLEIN, H. V. 2008. Traditional food\ndiversity predicts dietary quality for the Awajun in the Peruvian Amazon. <em>Public health nutrition,<\/em> 11<strong>,<\/strong> 457-465.<\/p>\n\n\n\n<p>ROMANELLI, C.,\nCOOPER, D., CAMPBELL-LENDRUM, D., MAIERO, M., KARESH, W. B., HUNTER, D. &amp;\nGOLDEN, C. D. Connecting global priorities: biodiversity and human health: a\nstate of knowledge review. 2015 2015. World Health Organistion\/Secretariat of\nthe UN Convention on Biological&nbsp;\u2026.<\/p>\n\n\n\n<p>ROMERO LORA, G., RIVA CASTA\u00d1EDA, M. &amp;\nBENITES ORJEDA, S. 2016. <em>Cr\u00f3nica de una\nreforma desconocida: experiencia de implementaci\u00f3n del Programa Nacional de\nAlimentaci\u00f3n Escolar Qali Warma<\/em>, Instituto de Estudios Peruanos.<\/p>\n\n\n\n<p>SIBHATU, K. T.\n&amp; QAIM, M. 2018. Farm production diversity and dietary quality: linkages\nand measurement issues. <em>Food Security,<\/em>\n10<strong>,<\/strong> 47-59.<\/p>\n\n\n\n<p>SINGH, S. &amp;\nFERNANDES, M. 2018. Home-grown school feeding: promoting local production\nsystems diversification through nutrition sensitive agriculture. <em>Food security,<\/em>\n10<strong>,<\/strong> 111-119.<\/p>\n\n\n\n<p>SOL\u00cdS OCHOA, E., RU\u00cdZ MART\u00cdNEZ, J. H., RIVERA,\n\u00c1. &amp; ANTONIO, J. 2015. Proceso de abastecimiento del programa de\nalimentaci\u00f3n escolar Qali Warma, distrito de Acomayo-Cusco 2014.<\/p>\n\n\n\n<p>STANAWAY, J. D., AFSHIN, A., GAKIDOU, E., LIM,\nS. S., ABATE, D., ABATE, K. H., ABBAFATI, C., ABBASI, N., ABBASTABAR, H.,\nABD-ALLAH, F., ABDELA, J., ABDELALIM, A., ABDOLLAHPOUR, I., ABDULKADER, R. S.,\nABEBE, M., ABEBE, Z., ABERA, S. F., ABIL, O. Z., ABRAHA, H. N., ABRHAM, A. R.,\nABU-RADDAD, L. J., ABU-RMEILEH, N. M. E., ACCROMBESSI, M. M. K., ACHARYA, D.,\nACHARYA, P., ADAMU, A. A., ADANE, A. A., ADEBAYO, O. M., ADEDOYIN, R. A.,\nADEKANMBI, V., ADEMI, Z., ADETOKUNBOH, O. O., ADIB, M. G., ADMASIE, A., ADSUAR,\nJ. C., AFANVI, K. A., AFARIDEH, M., AGARWAL, G., AGGARWAL, A., AGHAYAN, S. A.,\nAGRAWAL, A., AGRAWAL, S., AHMADI, A., AHMADI, M., AHMADIEH, H., AHMED, M. B.,\nAICHOUR, A. N., AICHOUR, I., AICHOUR, M. T. E., AKBARI, M. E., AKINYEMIJU, T.,\nAKSEER, N., AL-ALY, Z., AL-EYADHY, A., AL-MEKHLAFI, H. M., ALAHDAB, F., ALAM,\nK., ALAM, S., ALAM, T., ALASHI, A., ALAVIAN, S. M., ALENE, K. A., ALI, K., ALI,\nS. M., ALIJANZADEH, M., ALIZADEH-NAVAEI, R., ALJUNID, S. M., ALKERWI, A. A.,\nALLA, F., ALSHARIF, U., ALTIRKAWI, K., ALVIS-GUZMAN, N., AMARE, A. T., AMMAR,\nW., ANBER, N. H., ANDERSON, J. A., ANDREI, C. L., ANDROUDI, S., ANIMUT, M. D.,\nANJOMSHOA, M., ANSHA, M. G., ANT\u00d3, J. M., ANTONIO, C. A. T., ANWARI, P.,\nAPPIAH, L. T., APPIAH, S. C. Y., ARABLOO, J., AREMU, O., \u00c4RNL\u00d6V, J., ARTAMAN,\nA., ARYAL, K. K., ASAYESH, H., ATARO, Z., AUSLOOS, M., AVOKPAHO, E. F. G. A.,\nAWASTHI, A., AYALA QUINTANILLA, B. P., AYER, R., AYUK, T. B. &amp; AZZOPARDI,\nP. S. 2018. Global, regional, and national comparative risk assessment\nof 84 behavioural, environmental and occupational, and metabolic risks or\nclusters of risks for 195 countries and territories, 1990\u20132017 : a systematic\nanalysis for the Global Burden of Disease Study 2017. <em>The Lancet,<\/em> 392<strong>,<\/strong>\n1923-547x.<\/p>\n\n\n\n<p>STEVENS, G. A.,\nFINUCANE, M. M., DE-REGIL, L. M., PACIOREK, C. J., FLAXMAN, S. R., BRANCA, F.,\nPE\u00d1A-ROSAS, J. P., BHUTTA, Z. A., EZZATI, M. &amp; NUTRITION IMPACT MODEL\nSTUDY, G. 2013. Global, regional, and national trends in haemoglobin\nconcentration and prevalence of total and severe anaemia in children and\npregnant and non-pregnant women for 1995\u20132011: a systematic analysis of\npopulation-representative data. <em>The\nLancet Global Health,<\/em> 1<strong>,<\/strong>\ne16-e25.<\/p>\n\n\n\n<p>SUMBERG, J. &amp;\nSABATES-WHEELER, R. 2011. Linking agricultural development to school feeding in\nsub-Saharan Africa: theoretical perspectives. <em>Food Policy,<\/em> 36<strong>,<\/strong>\n341-349.<\/p>\n\n\n\n<p>THE LANCET\nPLANETARY, H. 2019. More than a diet. <em>The\nLancet Planetary Health.<\/em><\/p>\n\n\n\n<p>TOBIN, D.,\nBRENNAN, M. &amp; RADHAKRISHNA, R. 2016. Food access and pro-poor value chains:\na community case study in the central highlands of Peru. <em>Agriculture and human values,<\/em> 33<strong>,<\/strong> 895-909.<\/p>\n\n\n\n<p>VALENCIA, V.,\nWITTMAN, H. &amp; BLESH, J. 2019. Structuring Markets for Resilient Farming\nSystems. <em>Agronomy for Sustainable\nDevelopment,<\/em> 39<strong>,<\/strong> 25.<\/p>\n\n\n\n<p>WEYER, F. 2017.\nImplementing \u2018Vivir Bien\u2019: Results and lessons from the biocultura programme,\nBolivia. <em>Alternative pathways to\nsustainable development: Lessons from Latin America.<\/em> Brill Nijhoff.<\/p>\n\n\n\n<p>WHITMEE, S.,\nHAINES, A., BEYRER, C., BOLTZ, F., CAPON, A. G., DE SOUZA DIAS, B. F., EZEH,\nA., FRUMKIN, H., GONG, P., HEAD, P., HORTON, R., MACE, G. M., MARTEN, R.,\nMYERS, S. S., NISHTAR, S., OSOFSKY, S. A., PATTANAYAK, S. K., PONGSIRI, M. J.,\nROMANELLI, C., SOUCAT, A., VEGA, J. &amp; YACH, D. 2015. Safeguarding human\nhealth in the Anthropocene epoch: report of The Rockefeller Foundation\u2013Lancet\nCommission on planetary health. <em>The\nLancet,<\/em> 386<strong>,<\/strong> 1973-2028.<\/p>\n\n\n\n<p>WORLD FOOD, P.\n2009. <em>Home-grown school feeding: a\nframework to link school feeding with local agricultural production<\/em>, World\nFood Programme.<\/p>\n\n\n\n<p>ZIMMERER, K. S., JONES, A. D., DE\nHAAN, S., CREED-KANASHIRO, H., CARRASCO, M., MESA, K., TELLO, M., AMAYA, F. P.,\nGARC\u00cdA, G. C. &amp; TUBBEH, R. 2018. Climate Change and Food. <em>ReVista (Cambridge),<\/em> 18<strong>,<\/strong> 53-82.<\/p>\n","protected":false},"excerpt":{"rendered":"<p>AKRAM, H.-V., DIEGO, A., DANIEL, A. A. &amp; SANDRA, C. 2017. An\u00e1lisis espacial de la anemia gestacional en el Per\u00fa, 2015. Revista Peruana de Medicina Experimental y Salud P\u00fablica, 34, 43-51. ALC\u00c1ZAR, L., OCAMPO, D., HUAM\u00c1N-ESPINO, L. &amp; PABLO APARCO, J. 2013. Economic impact of chronic, acute and global malnutrition in Peru Impacto econ\u00f3mico de <a href=\"https:\/\/www.plantagbiosciences.org\/people\/sarah-watts\/bibliography\/\" class=\"more-link\">...continue reading<span class=\"screen-reader-text\"> \"Bibliography\"<\/span><\/a><\/p>\n","protected":false},"author":88,"featured_media":0,"parent":0,"menu_order":0,"comment_status":"closed","ping_status":"closed","template":"","meta":{"footnotes":""},"class_list":["post-19","page","type-page","status-publish","h-entry","hentry","h-as-page"],"_links":{"self":[{"href":"https:\/\/www.plantagbiosciences.org\/people\/sarah-watts\/wp-json\/wp\/v2\/pages\/19","targetHints":{"allow":["GET"]}}],"collection":[{"href":"https:\/\/www.plantagbiosciences.org\/people\/sarah-watts\/wp-json\/wp\/v2\/pages"}],"about":[{"href":"https:\/\/www.plantagbiosciences.org\/people\/sarah-watts\/wp-json\/wp\/v2\/types\/page"}],"author":[{"embeddable":true,"href":"https:\/\/www.plantagbiosciences.org\/people\/sarah-watts\/wp-json\/wp\/v2\/users\/88"}],"replies":[{"embeddable":true,"href":"https:\/\/www.plantagbiosciences.org\/people\/sarah-watts\/wp-json\/wp\/v2\/comments?post=19"}],"version-history":[{"count":5,"href":"https:\/\/www.plantagbiosciences.org\/people\/sarah-watts\/wp-json\/wp\/v2\/pages\/19\/revisions"}],"predecessor-version":[{"id":149,"href":"https:\/\/www.plantagbiosciences.org\/people\/sarah-watts\/wp-json\/wp\/v2\/pages\/19\/revisions\/149"}],"wp:attachment":[{"href":"https:\/\/www.plantagbiosciences.org\/people\/sarah-watts\/wp-json\/wp\/v2\/media?parent=19"}],"curies":[{"name":"wp","href":"https:\/\/api.w.org\/{rel}","templated":true}]}}