{"id":38,"date":"2021-10-04T15:20:43","date_gmt":"2021-10-04T15:20:43","guid":{"rendered":"https:\/\/www.plantagbiosciences.org\/people\/ryan-oneill\/?page_id=38"},"modified":"2021-10-04T15:21:41","modified_gmt":"2021-10-04T15:21:41","slug":"about-me","status":"publish","type":"page","link":"https:\/\/www.plantagbiosciences.org\/people\/ryan-oneill\/about-me\/","title":{"rendered":"About Me"},"content":{"rendered":"\n<p>MCCAFS &#8211; the link between RON and the environment.<\/p>\n\n\n\n<p> A currently non-registered qualified UCD MVB veterinarian, studying the links between climate, soil, plants, animals and fungi&#8230;.to try and leave the world a better place &lt;3 <\/p>\n\n\n\n<div class=\"wp-block-media-text alignwide has-media-on-the-right is-stacked-on-mobile is-style-twentytwentyone-border\" style=\"grid-template-columns:auto 45%\"><figure class=\"wp-block-media-text__media\"><img loading=\"lazy\" decoding=\"async\" width=\"480\" height=\"375\" src=\"https:\/\/www.plantagbiosciences.org\/people\/ryan-oneill\/wp-content\/uploads\/sites\/179\/2021\/10\/maori2.jpg\" alt=\"\" class=\"wp-image-19 size-full\" srcset=\"https:\/\/www.plantagbiosciences.org\/people\/ryan-oneill\/wp-content\/uploads\/sites\/179\/2021\/10\/maori2.jpg 480w, https:\/\/www.plantagbiosciences.org\/people\/ryan-oneill\/wp-content\/uploads\/sites\/179\/2021\/10\/maori2-300x234.jpg 300w\" sizes=\"auto, (max-width: 480px) 100vw, 480px\" \/><\/figure><div class=\"wp-block-media-text__content\">\n<h2 class=\"has-text-align-center wp-block-heading\"> &#8220;<p><strong><em>Toit\u016b te Marae o Tane-Mahuta, Toit\u016b te Marae o Tangaroa, Toit\u016b te Tangata<\/em><\/strong><\/p>&#8220;<\/h2>\n\n\n\n<hr class=\"wp-block-separator is-style-dots\" \/>\n\n\n\n<p class=\"has-text-align-center has-small-font-size\"><strong>M\u0101ori proverb<\/strong><\/p>\n<\/div><\/div>\n","protected":false},"excerpt":{"rendered":"<p>MCCAFS &#8211; the link between RON and the environment. A currently non-registered qualified UCD MVB veterinarian, studying the links between climate, soil, plants, animals and fungi&#8230;.to try and leave the world a better place &lt;3<\/p>\n","protected":false},"author":185,"featured_media":0,"parent":0,"menu_order":0,"comment_status":"closed","ping_status":"closed","template":"","meta":{"footnotes":""},"class_list":["post-38","page","type-page","status-publish","hentry"],"_links":{"self":[{"href":"https:\/\/www.plantagbiosciences.org\/people\/ryan-oneill\/wp-json\/wp\/v2\/pages\/38","targetHints":{"allow":["GET"]}}],"collection":[{"href":"https:\/\/www.plantagbiosciences.org\/people\/ryan-oneill\/wp-json\/wp\/v2\/pages"}],"about":[{"href":"https:\/\/www.plantagbiosciences.org\/people\/ryan-oneill\/wp-json\/wp\/v2\/types\/page"}],"author":[{"embeddable":true,"href":"https:\/\/www.plantagbiosciences.org\/people\/ryan-oneill\/wp-json\/wp\/v2\/users\/185"}],"replies":[{"embeddable":true,"href":"https:\/\/www.plantagbiosciences.org\/people\/ryan-oneill\/wp-json\/wp\/v2\/comments?post=38"}],"version-history":[{"count":3,"href":"https:\/\/www.plantagbiosciences.org\/people\/ryan-oneill\/wp-json\/wp\/v2\/pages\/38\/revisions"}],"predecessor-version":[{"id":41,"href":"https:\/\/www.plantagbiosciences.org\/people\/ryan-oneill\/wp-json\/wp\/v2\/pages\/38\/revisions\/41"}],"wp:attachment":[{"href":"https:\/\/www.plantagbiosciences.org\/people\/ryan-oneill\/wp-json\/wp\/v2\/media?parent=38"}],"curies":[{"name":"wp","href":"https:\/\/api.w.org\/{rel}","templated":true}]}}