{"id":79,"date":"2021-02-04T12:37:53","date_gmt":"2021-02-04T12:37:53","guid":{"rendered":"https:\/\/www.plantagbiosciences.org\/people\/noel-ndlovu\/?page_id=79"},"modified":"2021-08-31T14:31:36","modified_gmt":"2021-08-31T14:31:36","slug":"bibliography","status":"publish","type":"page","link":"https:\/\/www.plantagbiosciences.org\/people\/noel-ndlovu\/bibliography\/","title":{"rendered":"Bibliography"},"content":{"rendered":"\n<p>Alvarado G, Rodr\u00edguez FM, Pacheco A, Burgue\u00f1o J, Crossa J, Vargas M, P\u00e9rez-Rodr\u00edguez P,<br>Lopez-Cruz MA (2020) META-R: A software to analyze data from multi-environment plant<br>breeding trials. Crop J 8:745-756<br>Alves ML, Carbas B, Gaspar D, Paulo M, Brites C, Mendes-Moreira P, Brites CM, Malosetti<br>M, Van Eeuwijk F, Patto MCV (2019) Genome-wide association study for kernel composition<br>and flour pasting behavior in wholemeal maize flour. BMC Plant Biol 19:1-17<br>Arisede C, Mainassara Z-A, Jill C, Amsal T, Cosmos M, Bish D, Benhildah M, Mike O,<br>Maruthi PB (2020) Low-N stress tolerant maize hybrids have higher fertilizer N recovery<br>efficiency and reduced N-dilution in the grain compared to susceptible hybrids under low N<br>conditions. Plant Prod Sci 23:417-426<\/p>\n\n\n\n<p>B\u00e4nziger M, Betr\u00e1n F, Lafitte H (1997) Efficiency of high\u2010nitrogen selection environments for improving maize for low\u2010nitrogen target environments. Crop Sci 37:1103-1109<\/p>\n\n\n\n<p>Goredema-Matongera N, Ndhlela T, Magorokosho C, Kamutando CN, van Biljon A,<br>Labuschagne M (2021) Multinutrient biofortification of maize (Zea mays L.) in Africa: current<br>status, opportunities and limitations. Nutrients 13:1039<br>Gowda M, Das B, Makumbi D, Babu R, Semagn K, Mahuku G, Olsen MS, Bright JM, Beyene<br>Y, Prasanna BM (2015) Genome-wide association and genomic prediction of resistance to<br>maize lethal necrosis disease in tropical maize germplasm. Theor Appl Genet 128:1957-1968<br>Gowda M, Makumbi D, Das B, Nyaga C, Kosgei T, Crossa J, Beyene Y, Montesinos-L\u00f3pez<br>OA, Olsen MS, Prasanna BM (2021) Genetic dissection of Striga hermonthica (Del.) Benth.<br>resistance via genome-wide association and genomic prediction in tropical maize germplasm. Theor Appl Genet 134:941-958<br>Harper L, Gardiner J, Andorf C, Lawrence CJ (2016) MaizeGDB: the maize genetics and<br>genomics database. Plant Bioinformatics. Springer, pp 187-202<br>He K, Xu S, Zhang X, Li Y, Chang L, Wang Y, Shi Y, Cui T, Dong Y, Lan T (2020) Mining<br>of candidate genes for nitrogen use efficiency in maize based on genome-wide association<br>study. Mol Breed 40:1-17<\/p>\n","protected":false},"excerpt":{"rendered":"<p>Alvarado G, Rodr\u00edguez FM, Pacheco A, Burgue\u00f1o J, Crossa J, Vargas M, P\u00e9rez-Rodr\u00edguez P,Lopez-Cruz MA (2020) META-R: A software to analyze data from multi-environment plantbreeding trials. Crop J 8:745-756Alves ML, Carbas B, Gaspar D, Paulo M, Brites C, Mendes-Moreira P, Brites CM, MalosettiM, Van Eeuwijk F, Patto MCV (2019) Genome-wide association study for kernel compositionand &hellip; <\/p>\n<p class=\"link-more\"><a href=\"https:\/\/www.plantagbiosciences.org\/people\/noel-ndlovu\/bibliography\/\" class=\"more-link\">Continue reading<span class=\"screen-reader-text\"> &#8220;Bibliography&#8221;<\/span><\/a><\/p>\n","protected":false},"author":145,"featured_media":0,"parent":0,"menu_order":0,"comment_status":"closed","ping_status":"closed","template":"","meta":{"footnotes":""},"class_list":["post-79","page","type-page","status-publish","hentry"],"_links":{"self":[{"href":"https:\/\/www.plantagbiosciences.org\/people\/noel-ndlovu\/wp-json\/wp\/v2\/pages\/79","targetHints":{"allow":["GET"]}}],"collection":[{"href":"https:\/\/www.plantagbiosciences.org\/people\/noel-ndlovu\/wp-json\/wp\/v2\/pages"}],"about":[{"href":"https:\/\/www.plantagbiosciences.org\/people\/noel-ndlovu\/wp-json\/wp\/v2\/types\/page"}],"author":[{"embeddable":true,"href":"https:\/\/www.plantagbiosciences.org\/people\/noel-ndlovu\/wp-json\/wp\/v2\/users\/145"}],"replies":[{"embeddable":true,"href":"https:\/\/www.plantagbiosciences.org\/people\/noel-ndlovu\/wp-json\/wp\/v2\/comments?post=79"}],"version-history":[{"count":2,"href":"https:\/\/www.plantagbiosciences.org\/people\/noel-ndlovu\/wp-json\/wp\/v2\/pages\/79\/revisions"}],"predecessor-version":[{"id":294,"href":"https:\/\/www.plantagbiosciences.org\/people\/noel-ndlovu\/wp-json\/wp\/v2\/pages\/79\/revisions\/294"}],"wp:attachment":[{"href":"https:\/\/www.plantagbiosciences.org\/people\/noel-ndlovu\/wp-json\/wp\/v2\/media?parent=79"}],"curies":[{"name":"wp","href":"https:\/\/api.w.org\/{rel}","templated":true}]}}