{"id":117,"date":"2021-02-04T15:25:46","date_gmt":"2021-02-04T15:25:46","guid":{"rendered":"https:\/\/www.plantagbiosciences.org\/people\/noel-ndlovu\/?page_id=117"},"modified":"2021-08-31T14:32:42","modified_gmt":"2021-08-31T14:32:42","slug":"additional-reading-materials","status":"publish","type":"page","link":"https:\/\/www.plantagbiosciences.org\/people\/noel-ndlovu\/key-resources\/additional-reading-materials\/","title":{"rendered":"Additional Reading Materials"},"content":{"rendered":"\n<p>Nuss ET, Tanumihardjo SA (2011) Quality protein maize for Africa: closing the protein<br>inadequacy gap in vulnerable populations. Advances in Nutrition 2:217-224<br>Pasley HR, Camberato JJ, Cairns JE, Zaman-Allah M, Das B, Vyn TJ (2020) Nitrogen rate<br>impacts on tropical maize nitrogen use efficiency and soil nitrogen depletion in eastern and<br>southern Africa. Nutrient cycling in agroecosystems:1-12<br>Peng Y, Niu J, Peng Z, Zhang F, Li C (2010) Shoot growth potential drives N uptake in maize<br>plants and correlates with root growth in the soil. Field Crops Research 115:85-93<\/p>\n\n\n\n<p>Simi\u0107 M, Dragi\u010devi\u0107 V, Mladenovi\u0107 Drini\u0107 S, Vukadinovi\u0107 J, Kresovi\u0107 B, Tabakovi\u0107 M,<br>Brankov M (2020) The contribution of soil tillage and nitrogen rate to the quality of maize<br>grain. Agronomy 10:976<br>Sunday I, Babatunde A, Stephen A, Charity A, Kayode O (2020) Gene action in low nitrogen<br>tolerance and implication on maize grain yield and associated traits of some tropical maize<br>populations. Open Agric 5:801-805<\/p>\n","protected":false},"excerpt":{"rendered":"<p>Nuss ET, Tanumihardjo SA (2011) Quality protein maize for Africa: closing the proteininadequacy gap in vulnerable populations. Advances in Nutrition 2:217-224Pasley HR, Camberato JJ, Cairns JE, Zaman-Allah M, Das B, Vyn TJ (2020) Nitrogen rateimpacts on tropical maize nitrogen use efficiency and soil nitrogen depletion in eastern andsouthern Africa. Nutrient cycling in agroecosystems:1-12Peng Y, Niu &hellip; <\/p>\n<p class=\"link-more\"><a href=\"https:\/\/www.plantagbiosciences.org\/people\/noel-ndlovu\/key-resources\/additional-reading-materials\/\" class=\"more-link\">Continue reading<span class=\"screen-reader-text\"> &#8220;Additional Reading Materials&#8221;<\/span><\/a><\/p>\n","protected":false},"author":145,"featured_media":0,"parent":73,"menu_order":1,"comment_status":"closed","ping_status":"closed","template":"","meta":{"footnotes":""},"class_list":["post-117","page","type-page","status-publish","hentry"],"_links":{"self":[{"href":"https:\/\/www.plantagbiosciences.org\/people\/noel-ndlovu\/wp-json\/wp\/v2\/pages\/117","targetHints":{"allow":["GET"]}}],"collection":[{"href":"https:\/\/www.plantagbiosciences.org\/people\/noel-ndlovu\/wp-json\/wp\/v2\/pages"}],"about":[{"href":"https:\/\/www.plantagbiosciences.org\/people\/noel-ndlovu\/wp-json\/wp\/v2\/types\/page"}],"author":[{"embeddable":true,"href":"https:\/\/www.plantagbiosciences.org\/people\/noel-ndlovu\/wp-json\/wp\/v2\/users\/145"}],"replies":[{"embeddable":true,"href":"https:\/\/www.plantagbiosciences.org\/people\/noel-ndlovu\/wp-json\/wp\/v2\/comments?post=117"}],"version-history":[{"count":2,"href":"https:\/\/www.plantagbiosciences.org\/people\/noel-ndlovu\/wp-json\/wp\/v2\/pages\/117\/revisions"}],"predecessor-version":[{"id":295,"href":"https:\/\/www.plantagbiosciences.org\/people\/noel-ndlovu\/wp-json\/wp\/v2\/pages\/117\/revisions\/295"}],"up":[{"embeddable":true,"href":"https:\/\/www.plantagbiosciences.org\/people\/noel-ndlovu\/wp-json\/wp\/v2\/pages\/73"}],"wp:attachment":[{"href":"https:\/\/www.plantagbiosciences.org\/people\/noel-ndlovu\/wp-json\/wp\/v2\/media?parent=117"}],"curies":[{"name":"wp","href":"https:\/\/api.w.org\/{rel}","templated":true}]}}