{"id":45,"date":"2018-03-13T16:59:11","date_gmt":"2018-03-13T16:59:11","guid":{"rendered":"http:\/\/www.plantagbiosciences.org\/people\/christine-costelloe\/?page_id=45"},"modified":"2018-09-01T08:16:23","modified_gmt":"2018-09-01T08:16:23","slug":"links","status":"publish","type":"page","link":"https:\/\/www.plantagbiosciences.org\/people\/christine-costelloe\/links\/","title":{"rendered":"Links"},"content":{"rendered":"<h1><strong>Research Advisors<\/strong><\/h1>\n<p><a href=\"https:\/\/ccafs.cgiar.org\/\" target=\"_blank\" rel=\"noopener\">The CGIAR Research Program on Climate Change, Agriculture and Food Security (CCAFS)<\/a><\/p>\n<p><a href=\"http:\/\/www.plantagbiosciences.org\/\" target=\"_blank\" rel=\"noopener\">MScCCAFS Program, Plant &amp; AgriBiosciences Research Centre (PABC), Ryan Institute, National University of Ireland Galway<\/a><\/p>\n<h1><strong>Climate Finance<\/strong><\/h1>\n<p><a href=\"http:\/\/www.worldbank.org\/en\/topic\/climatefinance\">The World Bank<\/a><\/p>\n<p><a href=\"http:\/\/www.undp.org\/content\/undp\/en\/home\/sustainable-development\/global-environmental-finance.html\">United Nations Development Program (UNDP)<\/a><\/p>\n<p><a href=\"https:\/\/ndcpartnership.org\/\">NDC Partnership<\/a><\/p>\n<p><a href=\"https:\/\/www.greenclimate.fund\/home\" target=\"_blank\" rel=\"noopener\">Green Climate Fund<\/a><\/p>\n<p><a href=\"https:\/\/www.adaptation-fund.org\/about\/\">Adaptation Fund<\/a><\/p>\n<p><a href=\"https:\/\/www.thegef.org\/\">Global Environment Facility (GEF)<\/a><\/p>\n<p><a href=\"https:\/\/climatepolicyinitiative.org\/climate-finance\/\">Climate Policy Initiative<\/a><\/p>\n<h1><strong>Climate-Smart Agriculture<\/strong><\/h1>\n<p><a href=\"https:\/\/ccafs.cgiar.org\/climate-smart-agriculture-0#.W4lstZNKgWo\">CCAFS Climate-Smart Agriculture<\/a><\/p>\n<p><a href=\"https:\/\/csa.guide\/\">Climate-Smart Agriculture 101<\/a><\/p>\n<p><a href=\"http:\/\/www.fao.org\/climate-smart-agriculture\/en\/\">FAO Climate-Smart Agriculture<\/a><\/p>\n<h1><strong>CCAFS Strategic Research Partners<\/strong><\/h1>\n<p><a href=\"https:\/\/www.catie.ac.cr\/en\/\">Centro Agron\u00f3mico Tropical de Investigaci\u00f3n y Ense\u00f1anza (Tropical Agricultural Research and Higher Education Center) (CATIE, Costa Rica)<\/a><\/p>\n<p><a href=\"https:\/\/www.cirad.fr\/en\">Centre de Coop\u00e9ration Internationale en Recherche Agronomique pour le D\u00e9veloppement<\/a> (Agricultural Research for Development) (CIRAD, France)<\/p>\n<p><a href=\"https:\/\/www.csiro.au\/\"> Commonwealth Scientific and Industrial Research Organisation<\/a> (CSIRO, Australia)<\/p>\n<p><a href=\"http:\/\/www.futureearth.org\/\">Future Earth<\/a> (located in several global hubs)<\/p>\n<p><a href=\"https:\/\/globalresearchalliance.org\/\">Global Research Alliance on Agricultural Greenhouse Gases<\/a> (GRA, Secretariat located in New Zealand)<\/p>\n<p><a href=\"https:\/\/www.icar.org.in\/\">Indian Council of Agricultural Research<\/a> (ICAR, India)<\/p>\n<p><a href=\"https:\/\/iri.columbia.edu\/\">International Research Institute for Climate and Society, Columbia University<\/a> (IRI, United States)<\/p>\n<p><a href=\"http:\/\/www.nuigalway.ie\/\">National University of Ireland Galway<\/a> (NUI Galway, Ireland)<\/p>\n<p><a href=\"https:\/\/www.leeds.ac.uk\/\">University of Leeds<\/a> (United Kingdom)<\/p>\n<p><a href=\"http:\/\/www.ox.ac.uk\/\">University of Oxford<\/a> (United Kingdom)<\/p>\n<p><a href=\"https:\/\/www.uvm.edu\/\">University of Vermont<\/a> (United States)<\/p>\n<p><a href=\"https:\/\/www.uu.nl\/en\">Utrecht University<\/a> (the Netherlands)<\/p>\n<p><a href=\"https:\/\/www.wur.nl\/en.htm\">Wageningen University &amp; Research<\/a> (WUR, the Netherlands)<\/p>\n","protected":false},"excerpt":{"rendered":"<p>Research Advisors The CGIAR Research Program on Climate Change, Agriculture and Food Security (CCAFS) MScCCAFS Program, Plant &amp; AgriBiosciences Research Centre (PABC), Ryan Institute, National University of Ireland Galway Climate Finance The World Bank United Nations Development Program (UNDP) NDC Partnership Green Climate Fund Adaptation Fund Global Environment Facility (GEF) Climate Policy Initiative Climate-Smart Agriculture &hellip; <\/p>\n<p class=\"link-more\"><a href=\"https:\/\/www.plantagbiosciences.org\/people\/christine-costelloe\/links\/\" class=\"more-link\">Continue reading<span class=\"screen-reader-text\"> &#8220;Links&#8221;<\/span><\/a><\/p>\n","protected":false},"author":36,"featured_media":0,"parent":0,"menu_order":0,"comment_status":"closed","ping_status":"closed","template":"","meta":{"footnotes":""},"class_list":["post-45","page","type-page","status-publish","hentry"],"_links":{"self":[{"href":"https:\/\/www.plantagbiosciences.org\/people\/christine-costelloe\/wp-json\/wp\/v2\/pages\/45","targetHints":{"allow":["GET"]}}],"collection":[{"href":"https:\/\/www.plantagbiosciences.org\/people\/christine-costelloe\/wp-json\/wp\/v2\/pages"}],"about":[{"href":"https:\/\/www.plantagbiosciences.org\/people\/christine-costelloe\/wp-json\/wp\/v2\/types\/page"}],"author":[{"embeddable":true,"href":"https:\/\/www.plantagbiosciences.org\/people\/christine-costelloe\/wp-json\/wp\/v2\/users\/36"}],"replies":[{"embeddable":true,"href":"https:\/\/www.plantagbiosciences.org\/people\/christine-costelloe\/wp-json\/wp\/v2\/comments?post=45"}],"version-history":[{"count":12,"href":"https:\/\/www.plantagbiosciences.org\/people\/christine-costelloe\/wp-json\/wp\/v2\/pages\/45\/revisions"}],"predecessor-version":[{"id":333,"href":"https:\/\/www.plantagbiosciences.org\/people\/christine-costelloe\/wp-json\/wp\/v2\/pages\/45\/revisions\/333"}],"wp:attachment":[{"href":"https:\/\/www.plantagbiosciences.org\/people\/christine-costelloe\/wp-json\/wp\/v2\/media?parent=45"}],"curies":[{"name":"wp","href":"https:\/\/api.w.org\/{rel}","templated":true}]}}